{"id":197,"date":"2015-05-27T16:59:34","date_gmt":"2015-05-27T15:59:34","guid":{"rendered":"http:\/\/www.mecaglisse.com\/?page_id=197"},"modified":"2019-12-13T14:33:21","modified_gmt":"2019-12-13T19:33:21","slug":"links","status":"publish","type":"page","link":"https:\/\/www.mecaglisse.com\/en\/links\/","title":{"rendered":"Links"},"content":{"rendered":"<h3>Federations and clubs:<\/h3>\n<p><strong>Car :<br \/>\n<\/strong>RSQ, Rallye Sport Qu\u00e9bec &#8211; <a href=\"http:\/\/www.rsq.qc.ca\" target=\"_blank\" rel=\"noopener noreferrer\">www.rsq.qc.ca<br \/>\n<\/a>CASLL, Club Autosport La Licorne &#8211; <a href=\"http:\/\/www.casll.qc.ca\" target=\"_blank\" rel=\"noopener noreferrer\">www.casll.qc.ca<br \/>\n<\/a>CADL, Solo sport et solo sprint &#8211; <a href=\"http:\/\/www.cadl.qc.ca\" target=\"_blank\" rel=\"noopener noreferrer\">www.cadl.qc.ca<br \/>\n<\/a>Club Subaru de Montr\u00e9al &#8211; <a href=\"http:\/\/www.montreal-subaru-club.com\" target=\"_blank\" rel=\"noopener noreferrer\">www.montreal-subaru-club.com<br \/>\n<\/a>Troph\u00e9e Roses des sables &#8211; <a href=\"http:\/\/www.trophee-roses-des-sables.com\" target=\"_blank\" rel=\"noopener noreferrer\">www.trophee-roses-des-sables.com<br \/>\n<\/a>Delta, Solo sport et Solo Sprint &#8211; <a href=\"http:\/\/www.clubdelta.org\" target=\"_blank\" rel=\"noopener noreferrer\">www.clubdelta.org<\/a><\/p>\n<p><strong>Motorcycle :<br \/>\n<\/strong>FQMHR &#8211; <a href=\"http:\/\/www.fqmhr.qc.ca\" target=\"_blank\" rel=\"noopener noreferrer\">www.fqmhr.qc.ca<br \/>\n<\/a>Supermoto Qu\u00e9bec (Association supermotard) &#8211; <a href=\"https:\/\/www.facebook.com\/SupermotardQuebec\/\">SupermotardQuebec<\/a><br \/>\nFMSQ, F\u00e9d\u00e9ration des motocyclistes de sentier du Qu\u00e9bec &#8211; <a href=\"http:\/\/www.fmsq.net\" target=\"_blank\" rel=\"noopener noreferrer\">www.fmsq.net<br \/>\n<\/a>ATAQ (association de trial du Qu\u00e9bec) &#8211; <a href=\"http:\/\/www.ataq.qc.ca\" target=\"_blank\" rel=\"noopener noreferrer\">www.ataq.qc.ca<br \/>\n<\/a>Moto Nation (Location de moto sport pour piste) &#8211; <a href=\"http:\/\/www.moto-nation.ca\" target=\"_blank\" rel=\"noopener noreferrer\">www.moto-nation.ca<\/a><\/p>\n<p><strong>ATV :<br \/>\n<\/strong>Paradis du Quad Ouareau &#8211; <a href=\"http:\/\/paradisquadouareau.fqcq.qc.ca\/\">paradisquadouareau.fqcq.qc.ca<\/a><\/p>\n<h3>Outdoor Activities:<\/h3>\n<p><strong>Snowmobile rental:<br \/>\n<\/strong>Aventures 3000 &#8211; <a href=\"http:\/\/www.aventures3000.com\" target=\"_blank\" rel=\"noopener noreferrer\">www.aventures3000.com<br \/>\n<\/a>Toute L&#8217;aventure &#8211; <a href=\"http:\/\/www.toutelaventure.com\" target=\"_blank\" rel=\"noopener noreferrer\">www.toutelaventure.com <\/a><\/p>\n<p><strong>Ski Resort:<br \/>\n<\/strong>Ski &#8220;Mont Garceau&#8221; \/ St-Donat &#8211; <a href=\"http:\/\/www.toutelaventure.com\" target=\"_blank\" rel=\"noopener noreferrer\">www.skigarceau.com<br \/>\n<\/a>Centre de ski Mont La R\u00e9serve \/ St-Donat\u00a0 &#8211; <a href=\"http:\/\/www.skilareserve.com\" target=\"_blank\" rel=\"noopener noreferrer\">www.skilareserve.com<\/a><br \/>\nSki \u201cVal-St-C\u00f4me\u201d &#8211; <a href=\"http:\/\/www.valsaintcome.com\" target=\"_blank\" rel=\"noopener noreferrer\">www.valsaintcome.com<\/a><\/p>\n<p><strong>Helicopter :<br \/>\n<\/strong>H\u00e9li-Tremblant &#8211; <a href=\"http:\/\/www.heli-tremblant.com\" target=\"_blank\" rel=\"noopener noreferrer\">www.heli-tremblant.com<\/a><\/p>\n<p><strong>Spa :<br \/>\n<\/strong>La Source Bains Nordiques \/ Rawdon &#8211; <a href=\"http:\/\/www.lasourcespa.com\" target=\"_blank\" rel=\"noopener noreferrer\">www.lasourcespa.com<\/a><\/p>\n<p><strong>Dog sled riding:<br \/>\n<\/strong>Kanatha-aki &#8211; <a href=\"http:\/\/www.kanatha-aki.com\" target=\"_blank\" rel=\"noopener noreferrer\">www.kanatha-aki.com<\/a><\/p>\n<p><strong>Hiring:<br \/>\n<\/strong>Domaine la Chevauch\u00e9e, St-Donat &#8211; T\u00e9l. 819.424-7662 Andr\u00e9<\/p>\n<p><strong>Adventure Park:<br \/>\n<\/strong>ARBRASKA \/ Rawdon &#8211; <a href=\"http:\/\/www.arbraska.com\" target=\"_blank\" rel=\"noopener noreferrer\">www.arbraska.com<\/a><\/p>\n<p><strong>Amerindian Site:<br \/>\n<\/strong>Centre Ethno culturel, Val-des-Lacs &#8211; T\u00e9l. 1.866.424.4411 &#8211; <a href=\"http:\/\/www.dominiquerankin.ca\" target=\"_blank\" rel=\"noopener noreferrer\">www.dominiquerankin.ca<\/a><\/p>\n<h3>Hotels and Restaurants:<\/h3>\n<p>Tourisme St-Donat &#8211; <a href=\"https:\/\/www.tourismesaint-donat.com\/en\/lodging\/\" target=\"_blank\" rel=\"noopener noreferrer\">https:\/\/www.tourismesaint-donat.com\/en\/lodging\/<\/a><\/p>\n<p>H\u00f4tel l\u2019Est\u00e9rel &#8211; <a href=\"http:\/\/www.esterel.com\" target=\"_blank\" rel=\"noopener noreferrer\">www.esterel.com<br \/>\n<\/a><\/p>\n<p>Le Grand R &#8211; <a href=\"http:\/\/www.legrandr.ca\">www.legrandr.ca <\/a><\/p>\n<p>H\u00f4tel Spa Le Suisse &#8211; <a href=\"http:\/\/www.hotelspalesuisse.com\">www.hotelspalesuisse.com <\/a><\/p>\n<p>B&amp;B La Tani\u00e8re de L&#8217;ours: <a href=\"http:\/\/www.tanieredelours.ca\">www.tanieredelours.ca<\/a><\/p>\n<p>Le Clos des D\u00e9lices &#8211; <a href=\"http:\/\/www.leclosdesdelices.ca\" target=\"_blank\" rel=\"noopener noreferrer\">www.leclosdesdelices.ca<br \/>\n<\/a>La Maison bleue &#8211; <a href=\"http:\/\/www.maison-bleue.ca\" target=\"_blank\" rel=\"noopener noreferrer\">www.maison-bleue.ca<br \/>\n<\/a><\/p>\n","protected":false},"excerpt":{"rendered":"<p>Federations and clubs: Car : RSQ, Rallye Sport Qu\u00e9bec &#8211; www.rsq.qc.ca CASLL, Club Autosport La Licorne &#8211; www.casll.qc.ca CADL, Solo sport et solo sprint &#8211; www.cadl.qc.ca Club Subaru de Montr\u00e9al &#8211; www.montreal-subaru-club.com Troph\u00e9e Roses des sables &#8211; www.trophee-roses-des-sables.com Delta, Solo sport et Solo Sprint &#8211; www.clubdelta.org Motorcycle : FQMHR &#8211; www.fqmhr.qc.ca Supermoto Qu\u00e9bec (Association supermotard) &#8211; SupermotardQuebec FMSQ, F\u00e9d\u00e9ration des motocyclistes de sentier du Qu\u00e9bec &#8211; www.fmsq.net ATAQ (association de trial du Qu\u00e9bec) &#8211; www.ataq.qc.ca Moto Nation (Location de moto sport pour piste) &#8211; www.moto-nation.ca ATV : Paradis du Quad Ouareau &#8211; paradisquadouareau.fqcq.qc.ca Outdoor Activities: Snowmobile rental: Aventures 3000 &#8211; www.aventures3000.com Toute L&#8217;aventure &#8211; www.toutelaventure.com Ski Resort: Ski &#8220;Mont Garceau&#8221; \/ St-Donat &#8211; www.skigarceau.com Centre de ski Mont La R\u00e9serve \/ St-Donat\u00a0 &#8211; www.skilareserve.com Ski \u201cVal-St-C\u00f4me\u201d &#8211; www.valsaintcome.com Helicopter : H\u00e9li-Tremblant &#8211; www.heli-tremblant.com Spa : La Source Bains Nordiques \/ Rawdon &#8211; www.lasourcespa.com Dog sled riding: Kanatha-aki &#8211; www.kanatha-aki.com Hiring: Domaine la Chevauch\u00e9e, St-Donat &#8211; T\u00e9l. 819.424-7662 Andr\u00e9 Adventure Park:<\/p>\n","protected":false},"author":1,"featured_media":0,"parent":0,"menu_order":0,"comment_status":"closed","ping_status":"closed","template":"","meta":{"footnotes":""},"class_list":["post-197","page","type-page","status-publish","hentry"],"yoast_head":"<!-- This site is optimized with the Yoast SEO plugin v26.4 - https:\/\/yoast.com\/wordpress\/plugins\/seo\/ -->\n<title>Activities and hotels Laurentians, Quebec | Links | Mecaglisse<\/title>\n<meta name=\"description\" content=\"Consult our links for activities, hotels, restaurtants and more in the Laurentians. Also we have some useful links about federations and clubs.\" \/>\n<meta name=\"robots\" content=\"index, follow, max-snippet:-1, max-image-preview:large, max-video-preview:-1\" \/>\n<link rel=\"canonical\" href=\"https:\/\/www.mecaglisse.com\/en\/links\/\" \/>\n<meta property=\"og:locale\" content=\"en_US\" \/>\n<meta property=\"og:type\" content=\"article\" \/>\n<meta property=\"og:title\" content=\"Activities and hotels Laurentians, Quebec | Links | Mecaglisse\" \/>\n<meta property=\"og:description\" content=\"Consult our links for activities, hotels, restaurtants and more in the Laurentians. Also we have some useful links about federations and clubs.\" \/>\n<meta property=\"og:url\" content=\"https:\/\/www.mecaglisse.com\/en\/links\/\" \/>\n<meta property=\"og:site_name\" content=\"Mecaglisse\" \/>\n<meta property=\"article:modified_time\" content=\"2019-12-13T19:33:21+00:00\" \/>\n<meta name=\"twitter:card\" content=\"summary_large_image\" \/>\n<meta name=\"twitter:label1\" content=\"Est. reading time\" \/>\n\t<meta name=\"twitter:data1\" content=\"1 minute\" \/>\n<script type=\"application\/ld+json\" class=\"yoast-schema-graph\">{\"@context\":\"https:\/\/schema.org\",\"@graph\":[{\"@type\":\"WebPage\",\"@id\":\"https:\/\/www.mecaglisse.com\/en\/links\/\",\"url\":\"https:\/\/www.mecaglisse.com\/en\/links\/\",\"name\":\"Activities and hotels Laurentians, Quebec | Links | Mecaglisse\",\"isPartOf\":{\"@id\":\"https:\/\/www.mecaglisse.com\/#website\"},\"datePublished\":\"2015-05-27T15:59:34+00:00\",\"dateModified\":\"2019-12-13T19:33:21+00:00\",\"description\":\"Consult our links for activities, hotels, restaurtants and more in the Laurentians. Also we have some useful links about federations and clubs.\",\"breadcrumb\":{\"@id\":\"https:\/\/www.mecaglisse.com\/en\/links\/#breadcrumb\"},\"inLanguage\":\"en-CA\",\"potentialAction\":[{\"@type\":\"ReadAction\",\"target\":[\"https:\/\/www.mecaglisse.com\/en\/links\/\"]}]},{\"@type\":\"BreadcrumbList\",\"@id\":\"https:\/\/www.mecaglisse.com\/en\/links\/#breadcrumb\",\"itemListElement\":[{\"@type\":\"ListItem\",\"position\":1,\"name\":\"Accueil\",\"item\":\"https:\/\/www.mecaglisse.com\/en\/\"},{\"@type\":\"ListItem\",\"position\":2,\"name\":\"Links\"}]},{\"@type\":\"WebSite\",\"@id\":\"https:\/\/www.mecaglisse.com\/#website\",\"url\":\"https:\/\/www.mecaglisse.com\/\",\"name\":\"Mecaglisse\",\"description\":\"\",\"potentialAction\":[{\"@type\":\"SearchAction\",\"target\":{\"@type\":\"EntryPoint\",\"urlTemplate\":\"https:\/\/www.mecaglisse.com\/?s={search_term_string}\"},\"query-input\":{\"@type\":\"PropertyValueSpecification\",\"valueRequired\":true,\"valueName\":\"search_term_string\"}}],\"inLanguage\":\"en-CA\"}]}<\/script>\n<!-- \/ Yoast SEO plugin. -->","yoast_head_json":{"title":"Activities and hotels Laurentians, Quebec | Links | Mecaglisse","description":"Consult our links for activities, hotels, restaurtants and more in the Laurentians. Also we have some useful links about federations and clubs.","robots":{"index":"index","follow":"follow","max-snippet":"max-snippet:-1","max-image-preview":"max-image-preview:large","max-video-preview":"max-video-preview:-1"},"canonical":"https:\/\/www.mecaglisse.com\/en\/links\/","og_locale":"en_US","og_type":"article","og_title":"Activities and hotels Laurentians, Quebec | Links | Mecaglisse","og_description":"Consult our links for activities, hotels, restaurtants and more in the Laurentians. Also we have some useful links about federations and clubs.","og_url":"https:\/\/www.mecaglisse.com\/en\/links\/","og_site_name":"Mecaglisse","article_modified_time":"2019-12-13T19:33:21+00:00","twitter_card":"summary_large_image","twitter_misc":{"Est. reading time":"1 minute"},"schema":{"@context":"https:\/\/schema.org","@graph":[{"@type":"WebPage","@id":"https:\/\/www.mecaglisse.com\/en\/links\/","url":"https:\/\/www.mecaglisse.com\/en\/links\/","name":"Activities and hotels Laurentians, Quebec | Links | Mecaglisse","isPartOf":{"@id":"https:\/\/www.mecaglisse.com\/#website"},"datePublished":"2015-05-27T15:59:34+00:00","dateModified":"2019-12-13T19:33:21+00:00","description":"Consult our links for activities, hotels, restaurtants and more in the Laurentians. Also we have some useful links about federations and clubs.","breadcrumb":{"@id":"https:\/\/www.mecaglisse.com\/en\/links\/#breadcrumb"},"inLanguage":"en-CA","potentialAction":[{"@type":"ReadAction","target":["https:\/\/www.mecaglisse.com\/en\/links\/"]}]},{"@type":"BreadcrumbList","@id":"https:\/\/www.mecaglisse.com\/en\/links\/#breadcrumb","itemListElement":[{"@type":"ListItem","position":1,"name":"Accueil","item":"https:\/\/www.mecaglisse.com\/en\/"},{"@type":"ListItem","position":2,"name":"Links"}]},{"@type":"WebSite","@id":"https:\/\/www.mecaglisse.com\/#website","url":"https:\/\/www.mecaglisse.com\/","name":"Mecaglisse","description":"","potentialAction":[{"@type":"SearchAction","target":{"@type":"EntryPoint","urlTemplate":"https:\/\/www.mecaglisse.com\/?s={search_term_string}"},"query-input":{"@type":"PropertyValueSpecification","valueRequired":true,"valueName":"search_term_string"}}],"inLanguage":"en-CA"}]}},"_links":{"self":[{"href":"https:\/\/www.mecaglisse.com\/en\/wp-json\/wp\/v2\/pages\/197","targetHints":{"allow":["GET"]}}],"collection":[{"href":"https:\/\/www.mecaglisse.com\/en\/wp-json\/wp\/v2\/pages"}],"about":[{"href":"https:\/\/www.mecaglisse.com\/en\/wp-json\/wp\/v2\/types\/page"}],"author":[{"embeddable":true,"href":"https:\/\/www.mecaglisse.com\/en\/wp-json\/wp\/v2\/users\/1"}],"replies":[{"embeddable":true,"href":"https:\/\/www.mecaglisse.com\/en\/wp-json\/wp\/v2\/comments?post=197"}],"version-history":[{"count":9,"href":"https:\/\/www.mecaglisse.com\/en\/wp-json\/wp\/v2\/pages\/197\/revisions"}],"predecessor-version":[{"id":2445,"href":"https:\/\/www.mecaglisse.com\/en\/wp-json\/wp\/v2\/pages\/197\/revisions\/2445"}],"wp:attachment":[{"href":"https:\/\/www.mecaglisse.com\/en\/wp-json\/wp\/v2\/media?parent=197"}],"curies":[{"name":"wp","href":"https:\/\/api.w.org\/{rel}","templated":true}]}}